{"id":21,"date":"2023-03-02T17:15:50","date_gmt":"2023-03-02T16:15:50","guid":{"rendered":"https:\/\/evocon.hu\/?page_id=21"},"modified":"2023-10-26T13:15:14","modified_gmt":"2023-10-26T11:15:14","slug":"cegunkrol","status":"publish","type":"page","link":"https:\/\/evocon.hu\/en\/","title":{"rendered":"Our company"},"content":{"rendered":"<p><\/p>\n\n\n\n<p class=\"has-text-align-left\"><strong><mark style=\"background-color:rgba(0, 0, 0, 0)\" class=\"has-inline-color has-vivid-cyan-blue-color\"><strong>OUR MISSION<\/strong><\/mark><\/strong><\/p>\n\n\n\n<p class=\"has-text-align-left\">Evocon Kft. <strong>create a better<\/strong>scientific <strong>understanding of<\/strong> adhesion mechanisms.<br>This enables us to develop reliable adhesive processes that are well-understood and can be applied <strong>cost effectively<\/strong> in various industrial contexts.<\/p>\n\n\n\n<p class=\"has-text-align-left\"><strong><mark style=\"background-color:rgba(0, 0, 0, 0)\" class=\"has-inline-color has-vivid-cyan-blue-color\">UNITED IN VISION, BOUND BY PURPOSE:<\/mark><\/strong> <strong><mark style=\"background-color:rgba(0, 0, 0, 0)\" class=\"has-inline-color has-vivid-cyan-blue-color\">OUR JOURNEY TO SUCCESS<\/mark><\/strong><\/p>\n\n\n\n<p>YOUR professional R&amp;D team with PhD-level: mechanical, chemical, vehicle and quality engineering. We have a responsive, direct and friendly team!<\/p>\n\n\n\n<p>Unlock the true potential of YOUR bonding and sealing applications with our advanced surface treatment technologies. We offer industry-integrable solutions that increases wettability and surface energy for metals, plastics, and ceramics, delivering great adhesion and reliability.<\/p>\n\n\n\n<p class=\"has-text-align-left\"><strong><mark style=\"background-color:rgba(0, 0, 0, 0)\" class=\"has-inline-color has-vivid-cyan-blue-color\">UNLEASH THE POTENCIAL OF YOUR MATERIALS:<\/mark><\/strong><\/p>\n\n\n\n<p class=\"has-text-align-left\">We are developing surface treatment technologies to achieve full hydrophilicity on the surface, thus maximising surface energy. The strength of bonding, sealing, adhesion technology on this prepared surface can be increased several times. While new, previously unadhesive surfaces can be perfectly prepared, so the adhesive will not peel off the surface!<\/p>\n\n\n\n<p><strong><mark style=\"background-color:rgba(0, 0, 0, 0)\" class=\"has-inline-color has-vivid-cyan-blue-color\">OUR TECHNOLOGY:<\/mark><\/strong><\/p>\n\n\n\n<p>Improved Adhesion<\/p>\n\n\n\n<p>Economical<\/p>\n\n\n\n<p>Time-efficient<\/p>\n\n\n\n<p>Integrated into production lines<\/p>\n\n\n\n<p>Widely applicable<\/p>\n\n\n\n<p>Easy to learn<\/p>\n\n\n\n<p><strong><mark style=\"background-color:rgba(0, 0, 0, 0)\" class=\"has-inline-color has-vivid-cyan-blue-color\">OUR EQUIPMENT:<\/mark><\/strong><\/p>\n\n\n\n<p>Offer greater productivity<\/p>\n\n\n\n<p>Cost Savings<\/p>\n\n\n\n<p>Human friendly<\/p>\n\n\n\n<p>Increases Surface Energy<\/p>\n\n\n\n<p>Enhanced Bond Strength<\/p>\n\n\n\n<p>Experimented parameters<\/p>\n\n\n\n<p>Customization<\/p>\n\n\n\n<p>Quick to apply<\/p>","protected":false},"excerpt":{"rendered":"<p>KIK VAGYUNK \u00c9S MIN DOLGOZUNK Az adh\u00e9zi\u00f3s, tapad\u00e1si folyamatok jobb tudom\u00e1nyos meg\u00e9rt\u00e9s\u00e9n dolgozunk.Ez biztos\u00edtja \u00d6NNEK, hogy ragaszt\u00e1si, t\u00f6m\u00edt\u00e9si elj\u00e1r\u00e1sokn\u00e1l egy megb\u00edzhat\u00f3 technol\u00f3gi\u00e1t fejlessz\u00fcnk ki, amelyek m\u00e9rn\u00f6kileg j\u00f3l felm\u00e9rtek \u00e9s k\u00f6lts\u00e9ghat\u00e9konyan &#8230;<\/p>","protected":false},"author":1,"featured_media":0,"parent":0,"menu_order":0,"comment_status":"closed","ping_status":"closed","template":"","meta":{"_themeisle_gutenberg_block_has_review":false,"footnotes":""},"class_list":["post-21","page","type-page","status-publish","hentry"],"yoast_head":"<!-- This site is optimized with the Yoast SEO plugin v27.4 - https:\/\/yoast.com\/product\/yoast-seo-wordpress\/ -->\n<title>C\u00e9g\u00fcnkr\u0151l - evocon<\/title>\n<meta name=\"description\" content=\"K\u00f6t\u00e9stechnol\u00f3giai kutat\u00e1s-fejleszt\u00e9s projekt hibrid anyagp\u00e1ros\u00edt\u00e1sok\" \/>\n<meta name=\"robots\" content=\"index, follow, max-snippet:-1, max-image-preview:large, max-video-preview:-1\" \/>\n<link rel=\"canonical\" href=\"https:\/\/evocon.hu\/en\/\" \/>\n<meta property=\"og:locale\" content=\"en_GB\" \/>\n<meta property=\"og:type\" content=\"article\" \/>\n<meta property=\"og:title\" content=\"C\u00e9g\u00fcnkr\u0151l - evocon\" \/>\n<meta property=\"og:description\" content=\"K\u00f6t\u00e9stechnol\u00f3giai kutat\u00e1s-fejleszt\u00e9s projekt hibrid anyagp\u00e1ros\u00edt\u00e1sok\" \/>\n<meta property=\"og:url\" content=\"https:\/\/evocon.hu\/en\/\" \/>\n<meta property=\"og:site_name\" content=\"evocon\" \/>\n<meta property=\"article:modified_time\" content=\"2023-10-26T11:15:14+00:00\" \/>\n<meta name=\"twitter:card\" content=\"summary_large_image\" \/>\n<meta name=\"twitter:label1\" content=\"Estimated reading time\" \/>\n\t<meta name=\"twitter:data1\" content=\"2 minutes\" \/>\n<script type=\"application\/ld+json\" class=\"yoast-schema-graph\">{\"@context\":\"https:\\\/\\\/schema.org\",\"@graph\":[{\"@type\":\"WebPage\",\"@id\":\"https:\\\/\\\/evocon.hu\\\/\",\"url\":\"https:\\\/\\\/evocon.hu\\\/\",\"name\":\"C\u00e9g\u00fcnkr\u0151l - evocon\",\"isPartOf\":{\"@id\":\"https:\\\/\\\/evocon.hu\\\/#website\"},\"datePublished\":\"2023-03-02T16:15:50+00:00\",\"dateModified\":\"2023-10-26T11:15:14+00:00\",\"description\":\"K\u00f6t\u00e9stechnol\u00f3giai kutat\u00e1s-fejleszt\u00e9s projekt hibrid anyagp\u00e1ros\u00edt\u00e1sok\",\"breadcrumb\":{\"@id\":\"https:\\\/\\\/evocon.hu\\\/#breadcrumb\"},\"inLanguage\":\"en-GB\",\"potentialAction\":[{\"@type\":\"ReadAction\",\"target\":[\"https:\\\/\\\/evocon.hu\\\/\"]}]},{\"@type\":\"BreadcrumbList\",\"@id\":\"https:\\\/\\\/evocon.hu\\\/#breadcrumb\",\"itemListElement\":[{\"@type\":\"ListItem\",\"position\":1,\"name\":\"Kezd\u0151lap\",\"item\":\"https:\\\/\\\/evocon.hu\\\/\"},{\"@type\":\"ListItem\",\"position\":2,\"name\":\"C\u00e9g\u00fcnkr\u0151l\"}]},{\"@type\":\"WebSite\",\"@id\":\"https:\\\/\\\/evocon.hu\\\/#website\",\"url\":\"https:\\\/\\\/evocon.hu\\\/\",\"name\":\"evocon\",\"description\":\"Kutat\u00e1s-fejleszt\u00e9si megold\u00e1sok a k\u00f6t\u00e9stechnol\u00f3gi\u00e1ban\",\"publisher\":{\"@id\":\"https:\\\/\\\/evocon.hu\\\/#organization\"},\"potentialAction\":[{\"@type\":\"SearchAction\",\"target\":{\"@type\":\"EntryPoint\",\"urlTemplate\":\"https:\\\/\\\/evocon.hu\\\/?s={search_term_string}\"},\"query-input\":{\"@type\":\"PropertyValueSpecification\",\"valueRequired\":true,\"valueName\":\"search_term_string\"}}],\"inLanguage\":\"en-GB\"},{\"@type\":\"Organization\",\"@id\":\"https:\\\/\\\/evocon.hu\\\/#organization\",\"name\":\"evocon\",\"url\":\"https:\\\/\\\/evocon.hu\\\/\",\"logo\":{\"@type\":\"ImageObject\",\"inLanguage\":\"en-GB\",\"@id\":\"https:\\\/\\\/evocon.hu\\\/#\\\/schema\\\/logo\\\/image\\\/\",\"url\":\"https:\\\/\\\/evocon.hu\\\/wp-content\\\/uploads\\\/2023\\\/03\\\/evocon.png\",\"contentUrl\":\"https:\\\/\\\/evocon.hu\\\/wp-content\\\/uploads\\\/2023\\\/03\\\/evocon.png\",\"width\":4163,\"height\":709,\"caption\":\"evocon\"},\"image\":{\"@id\":\"https:\\\/\\\/evocon.hu\\\/#\\\/schema\\\/logo\\\/image\\\/\"}}]}<\/script>\n<!-- \/ Yoast SEO plugin. -->","yoast_head_json":{"title":"C\u00e9g\u00fcnkr\u0151l - evocon","description":"K\u00f6t\u00e9stechnol\u00f3giai kutat\u00e1s-fejleszt\u00e9s projekt hibrid anyagp\u00e1ros\u00edt\u00e1sok","robots":{"index":"index","follow":"follow","max-snippet":"max-snippet:-1","max-image-preview":"max-image-preview:large","max-video-preview":"max-video-preview:-1"},"canonical":"https:\/\/evocon.hu\/en\/","og_locale":"en_GB","og_type":"article","og_title":"C\u00e9g\u00fcnkr\u0151l - evocon","og_description":"K\u00f6t\u00e9stechnol\u00f3giai kutat\u00e1s-fejleszt\u00e9s projekt hibrid anyagp\u00e1ros\u00edt\u00e1sok","og_url":"https:\/\/evocon.hu\/en\/","og_site_name":"evocon","article_modified_time":"2023-10-26T11:15:14+00:00","twitter_card":"summary_large_image","twitter_misc":{"Estimated reading time":"2 minutes"},"schema":{"@context":"https:\/\/schema.org","@graph":[{"@type":"WebPage","@id":"https:\/\/evocon.hu\/","url":"https:\/\/evocon.hu\/","name":"C\u00e9g\u00fcnkr\u0151l - evocon","isPartOf":{"@id":"https:\/\/evocon.hu\/#website"},"datePublished":"2023-03-02T16:15:50+00:00","dateModified":"2023-10-26T11:15:14+00:00","description":"K\u00f6t\u00e9stechnol\u00f3giai kutat\u00e1s-fejleszt\u00e9s projekt hibrid anyagp\u00e1ros\u00edt\u00e1sok","breadcrumb":{"@id":"https:\/\/evocon.hu\/#breadcrumb"},"inLanguage":"en-GB","potentialAction":[{"@type":"ReadAction","target":["https:\/\/evocon.hu\/"]}]},{"@type":"BreadcrumbList","@id":"https:\/\/evocon.hu\/#breadcrumb","itemListElement":[{"@type":"ListItem","position":1,"name":"Kezd\u0151lap","item":"https:\/\/evocon.hu\/"},{"@type":"ListItem","position":2,"name":"C\u00e9g\u00fcnkr\u0151l"}]},{"@type":"WebSite","@id":"https:\/\/evocon.hu\/#website","url":"https:\/\/evocon.hu\/","name":"evocon","description":"Evolution continuously","publisher":{"@id":"https:\/\/evocon.hu\/#organization"},"potentialAction":[{"@type":"SearchAction","target":{"@type":"EntryPoint","urlTemplate":"https:\/\/evocon.hu\/?s={search_term_string}"},"query-input":{"@type":"PropertyValueSpecification","valueRequired":true,"valueName":"search_term_string"}}],"inLanguage":"en-GB"},{"@type":"Organization","@id":"https:\/\/evocon.hu\/#organization","name":"evocon","url":"https:\/\/evocon.hu\/","logo":{"@type":"ImageObject","inLanguage":"en-GB","@id":"https:\/\/evocon.hu\/#\/schema\/logo\/image\/","url":"https:\/\/evocon.hu\/wp-content\/uploads\/2023\/03\/evocon.png","contentUrl":"https:\/\/evocon.hu\/wp-content\/uploads\/2023\/03\/evocon.png","width":4163,"height":709,"caption":"evocon"},"image":{"@id":"https:\/\/evocon.hu\/#\/schema\/logo\/image\/"}}]}},"_links":{"self":[{"href":"https:\/\/evocon.hu\/en\/wp-json\/wp\/v2\/pages\/21","targetHints":{"allow":["GET"]}}],"collection":[{"href":"https:\/\/evocon.hu\/en\/wp-json\/wp\/v2\/pages"}],"about":[{"href":"https:\/\/evocon.hu\/en\/wp-json\/wp\/v2\/types\/page"}],"author":[{"embeddable":true,"href":"https:\/\/evocon.hu\/en\/wp-json\/wp\/v2\/users\/1"}],"replies":[{"embeddable":true,"href":"https:\/\/evocon.hu\/en\/wp-json\/wp\/v2\/comments?post=21"}],"version-history":[{"count":23,"href":"https:\/\/evocon.hu\/en\/wp-json\/wp\/v2\/pages\/21\/revisions"}],"predecessor-version":[{"id":279,"href":"https:\/\/evocon.hu\/en\/wp-json\/wp\/v2\/pages\/21\/revisions\/279"}],"wp:attachment":[{"href":"https:\/\/evocon.hu\/en\/wp-json\/wp\/v2\/media?parent=21"}],"curies":[{"name":"wp","href":"https:\/\/api.w.org\/{rel}","templated":true}]}}