{"id":71,"date":"2023-03-02T20:22:30","date_gmt":"2023-03-02T19:22:30","guid":{"rendered":"https:\/\/evocon.hu\/?page_id=71"},"modified":"2023-10-19T12:13:39","modified_gmt":"2023-10-19T10:13:39","slug":"galeria","status":"publish","type":"page","link":"https:\/\/evocon.hu\/en\/galeria\/","title":{"rendered":"Gallery"},"content":{"rendered":"<script type=\"text\/javascript\">\r\ndocument.addEventListener(\"DOMContentLoaded\", function(event) { \r\n\tjQuery( '#slider-pro-3-94' ).sliderPro({\r\n\t\t\/\/width\r\n\t\t\t\twidth: 400,\r\n\t\t\t\t\r\n\t\t\/\/height\r\n\t\t\t\tautoHeight: true,\r\n\t\t\t\t\r\n\t\t\/\/auto play\r\n\t\t\t\tautoplay:  true,\r\n\t\tautoplayOnHover: 'none',\r\n\t\t\t\t\t\t\t\tautoplayDelay: 10000,\r\n\t\t\r\n\t\t\r\n\t\tarrows: true,\r\n\t\tbuttons: true,\r\n\t\tsmallSize: 500,\r\n\t\tmediumSize: 1000,\r\n\t\tlargeSize: 3000,\r\n\t\tfade: true,\r\n\t\t\r\n\t\t\/\/thumbnail\r\n\t\tthumbnailArrows: true,\r\n\t\tthumbnailWidth: 120,\r\n\t\tthumbnailHeight: 120,\r\n\t\t\t\t\t\tthumbnailsPosition: 'bottom',\r\n\t\t\t\t\t\tthumbnailPointer: true, \r\n\t\t\t\tcenterImage: true,\r\n\t\timageScaleMode: 'contain',\r\n\t\tallowScaleUp: false,\r\n\t\t\t\tstartSlide: 0,\r\n\t\tloop: true,\r\n\t\tslideDistance: 5,\r\n\t\tautoplayDirection: 'normal',\r\n\t\ttouchSwipe: true,\r\n\t\tfullScreen: false,\r\n\t});\r\n});\r\n<\/script>\r\n\r\n<div id=\"uris-slider-title\">\r\n\t<h3 class=\"uris-slider-post-title\">Gallery<\/h3>\r\n<\/div>\r\n\t\t<div id=\"slider-pro-3-94\" class=\"slider-pro\">\r\n\t\t\t<!---- slides div start ---->\r\n\t\t\t<div class=\"sp-slides\">\r\n\t\t\t\t\t\t\t\t\t\t<div class=\"sp-slide\">\r\n\t\t\t\t\t\t\t<img decoding=\"async\" class=\"sp-image\" loading=\"lazy\" alt=\"evocone1\" src=\"https:\/\/evocon.hu\/wp-content\/plugins\/ultimate-responsive-image-slider\/assets\/css\/images\/blank.gif\" data-src=\"https:\/\/evocon.hu\/wp-content\/uploads\/2023\/03\/evocone1.png\" \/>\r\n\r\n\t\t\t\t\t\t\t\r\n\t\t\t\t\t\t\t\t\t\t\t\t\t<\/div>\r\n\t\t\t\t\t\t\t\t\t\t\t\t<div class=\"sp-slide\">\r\n\t\t\t\t\t\t\t<img decoding=\"async\" class=\"sp-image\" loading=\"lazy\" alt=\"Dia1-1\" src=\"https:\/\/evocon.hu\/wp-content\/plugins\/ultimate-responsive-image-slider\/assets\/css\/images\/blank.gif\" data-src=\"https:\/\/evocon.hu\/wp-content\/uploads\/2023\/10\/Dia1-1.jpg\" \/>\r\n\r\n\t\t\t\t\t\t\t\r\n\t\t\t\t\t\t\t\t\t\t\t\t\t<\/div>\r\n\t\t\t\t\t\t\t\t\t\t\t\t<div class=\"sp-slide\">\r\n\t\t\t\t\t\t\t<img decoding=\"async\" class=\"sp-image\" loading=\"lazy\" alt=\"Dia2\" src=\"https:\/\/evocon.hu\/wp-content\/plugins\/ultimate-responsive-image-slider\/assets\/css\/images\/blank.gif\" data-src=\"https:\/\/evocon.hu\/wp-content\/uploads\/2023\/10\/Dia2.jpg\" \/>\r\n\r\n\t\t\t\t\t\t\t\r\n\t\t\t\t\t\t\t\t\t\t\t\t\t<\/div>\r\n\t\t\t\t\t\t\t\t\t\t\t\t<div class=\"sp-slide\">\r\n\t\t\t\t\t\t\t<img decoding=\"async\" class=\"sp-image\" loading=\"lazy\" alt=\"Dia1\" src=\"https:\/\/evocon.hu\/wp-content\/plugins\/ultimate-responsive-image-slider\/assets\/css\/images\/blank.gif\" data-src=\"https:\/\/evocon.hu\/wp-content\/uploads\/2023\/10\/Dia1-3.jpg\" \/>\r\n\r\n\t\t\t\t\t\t\t\r\n\t\t\t\t\t\t\t\t\t\t\t\t\t<\/div>\r\n\t\t\t\t\t\t\t\t\t\t\t\t<div class=\"sp-slide\">\r\n\t\t\t\t\t\t\t<img decoding=\"async\" class=\"sp-image\" loading=\"lazy\" alt=\"Dia2\" src=\"https:\/\/evocon.hu\/wp-content\/plugins\/ultimate-responsive-image-slider\/assets\/css\/images\/blank.gif\" data-src=\"https:\/\/evocon.hu\/wp-content\/uploads\/2023\/10\/Dia2-1.jpg\" \/>\r\n\r\n\t\t\t\t\t\t\t\r\n\t\t\t\t\t\t\t\t\t\t\t\t\t<\/div>\r\n\t\t\t\t\t\t\t\t\t<\/div>\r\n\t\t\t\r\n\t\t\t<!---- slides div end ---->\r\n\t\t\t\t\t\t<!-- slides thumbnails div end -->\r\n\t\t<\/div>\r\n\t\t<style>\r\n\/* Layout 3 *\/\r\n\/* border *\/\r\n\r\n\/* font + color *\/\r\n.title-in  {\r\n\tfont-family: Arial !important;\r\n\tcolor: #FFFFFF !important;\r\n\tbackground-color: #000000 !important;\r\n\topacity: 0.7 !important;\r\n}\r\n.desc-in  {\r\n\tfont-family: Arial !important;\r\n\tcolor: #FFFFFF !important;\r\n\tbackground-color: #00000 !important;\r\n\topacity: 0.7 !important;\r\n}\r\n\r\n\/* bullets color *\/\r\n.sp-button  {\r\n\tborder: 2px solid #000000 !important;\r\n}\r\n.sp-selected-button  {\r\n\tbackground-color: #000000 !important;\r\n}\r\n\r\n\/* pointer color - bottom *\/\r\n.sp-selected-thumbnail::before {\r\n\tborder-bottom: 5px solid #8224e3 !important;\r\n}\r\n.sp-selected-thumbnail::after {\r\n\tborder-bottom: 13px solid #8224e3 !important;\r\n}\r\n\r\n\/* pointer color - top *\/\r\n\r\n\/* full screen icon *\/\r\n.sp-full-screen-button::before {\r\n    color: #FFFFFF !important;\r\n}\r\n\r\n\/* hover navigation icon color *\/\r\n.sp-next-arrow::after, .sp-next-arrow::before {\r\n\tbackground-color: #FFFFFF !important;\r\n}\r\n.sp-previous-arrow::after, .sp-previous-arrow::before {\r\n\tbackground-color: #FFFFFF !important;\r\n}\r\n\r\n#slider-pro-3-94 .title-in {\r\n\tcolor: #FFFFFF !important;\r\n\tfont-weight: bolder;\r\n\ttext-align: center;\r\n}\r\n\r\n#slider-pro-3-94 .title-in-bg {\r\n\tbackground: rgba(255, 255, 255, 0.7); !important;\r\n\twhite-space: unset !important;\r\n\ttransform: initial !important;\r\n\t-webkit-transform: initial !important;\r\n\tfont-size: 14px !important;\r\n}\r\n\r\n#slider-pro-3-94 .desc-in {\r\n\tcolor: #FFFFFF !important;\r\n\ttext-align: center;\r\n}\r\n#slider-pro-3-94 .desc-in-bg {\r\n\tbackground: rgba(#00000, 0.7) !important;\r\n\twhite-space: unset !important;\r\n\ttransform: initial !important;\r\n\t-webkit-transform: initial !important;\r\n\tfont-size: 13px !important;\r\n}\r\n\r\n@media (max-width: 640px) {\r\n\t#slider-pro-3-94 .hide-small-screen {\r\n\t\tdisplay: none;\r\n\t}\r\n}\r\n\r\n@media (max-width: 860px) {\r\n\t#slider-pro-3-94 .sp-layer {\r\n\t\tfont-size: 18px;\r\n\t}\r\n\t\r\n\t#slider-pro-3-94 .hide-medium-screen {\r\n\t\tdisplay: none;\r\n\t}\r\n}\r\n.slides-not-found {\r\n\tbackground-color: #a92929;\r\n\tborder-radius: 5px;\r\n\tcolor: #fff;\r\n\tfont-family: initial;\r\n\ttext-align: center;\r\n\tpadding:12px;\r\n}\r\n\/* Custom CSS *\/\r\n<\/style>","protected":false},"excerpt":{"rendered":"","protected":false},"author":1,"featured_media":245,"parent":0,"menu_order":0,"comment_status":"closed","ping_status":"closed","template":"","meta":{"_themeisle_gutenberg_block_has_review":false,"footnotes":""},"class_list":["post-71","page","type-page","status-publish","has-post-thumbnail","hentry"],"yoast_head":"<!-- This site is optimized with the Yoast SEO plugin v27.4 - https:\/\/yoast.com\/product\/yoast-seo-wordpress\/ -->\n<title>Gal\u00e9ria - evocon<\/title>\n<meta name=\"robots\" content=\"index, follow, max-snippet:-1, max-image-preview:large, max-video-preview:-1\" \/>\n<link rel=\"canonical\" href=\"https:\/\/evocon.hu\/en\/galeria\/\" \/>\n<meta property=\"og:locale\" content=\"en_GB\" \/>\n<meta property=\"og:type\" content=\"article\" \/>\n<meta property=\"og:title\" content=\"Gal\u00e9ria - evocon\" \/>\n<meta property=\"og:url\" content=\"https:\/\/evocon.hu\/en\/galeria\/\" \/>\n<meta property=\"og:site_name\" content=\"evocon\" \/>\n<meta property=\"article:modified_time\" content=\"2023-10-19T10:13:39+00:00\" \/>\n<meta property=\"og:image\" content=\"https:\/\/evocon.hu\/wp-content\/uploads\/2023\/10\/Dia1-1.jpg\" \/>\n\t<meta property=\"og:image:width\" content=\"720\" \/>\n\t<meta property=\"og:image:height\" content=\"1040\" \/>\n\t<meta property=\"og:image:type\" content=\"image\/jpeg\" \/>\n<meta name=\"twitter:card\" content=\"summary_large_image\" \/>\n<meta name=\"twitter:label1\" content=\"Estimated reading time\" \/>\n\t<meta name=\"twitter:data1\" content=\"1 minute\" \/>\n<script type=\"application\/ld+json\" class=\"yoast-schema-graph\">{\"@context\":\"https:\\\/\\\/schema.org\",\"@graph\":[{\"@type\":\"WebPage\",\"@id\":\"https:\\\/\\\/evocon.hu\\\/galeria\\\/\",\"url\":\"https:\\\/\\\/evocon.hu\\\/galeria\\\/\",\"name\":\"Gal\u00e9ria - evocon\",\"isPartOf\":{\"@id\":\"https:\\\/\\\/evocon.hu\\\/#website\"},\"primaryImageOfPage\":{\"@id\":\"https:\\\/\\\/evocon.hu\\\/galeria\\\/#primaryimage\"},\"image\":{\"@id\":\"https:\\\/\\\/evocon.hu\\\/galeria\\\/#primaryimage\"},\"thumbnailUrl\":\"https:\\\/\\\/evocon.hu\\\/wp-content\\\/uploads\\\/2023\\\/10\\\/Dia1-1.jpg\",\"datePublished\":\"2023-03-02T19:22:30+00:00\",\"dateModified\":\"2023-10-19T10:13:39+00:00\",\"breadcrumb\":{\"@id\":\"https:\\\/\\\/evocon.hu\\\/galeria\\\/#breadcrumb\"},\"inLanguage\":\"en-GB\",\"potentialAction\":[{\"@type\":\"ReadAction\",\"target\":[\"https:\\\/\\\/evocon.hu\\\/galeria\\\/\"]}]},{\"@type\":\"ImageObject\",\"inLanguage\":\"en-GB\",\"@id\":\"https:\\\/\\\/evocon.hu\\\/galeria\\\/#primaryimage\",\"url\":\"https:\\\/\\\/evocon.hu\\\/wp-content\\\/uploads\\\/2023\\\/10\\\/Dia1-1.jpg\",\"contentUrl\":\"https:\\\/\\\/evocon.hu\\\/wp-content\\\/uploads\\\/2023\\\/10\\\/Dia1-1.jpg\",\"width\":720,\"height\":1040},{\"@type\":\"BreadcrumbList\",\"@id\":\"https:\\\/\\\/evocon.hu\\\/galeria\\\/#breadcrumb\",\"itemListElement\":[{\"@type\":\"ListItem\",\"position\":1,\"name\":\"Kezd\u0151lap\",\"item\":\"https:\\\/\\\/evocon.hu\\\/\"},{\"@type\":\"ListItem\",\"position\":2,\"name\":\"Gal\u00e9ria\"}]},{\"@type\":\"WebSite\",\"@id\":\"https:\\\/\\\/evocon.hu\\\/#website\",\"url\":\"https:\\\/\\\/evocon.hu\\\/\",\"name\":\"evocon\",\"description\":\"Kutat\u00e1s-fejleszt\u00e9si megold\u00e1sok a k\u00f6t\u00e9stechnol\u00f3gi\u00e1ban\",\"publisher\":{\"@id\":\"https:\\\/\\\/evocon.hu\\\/#organization\"},\"potentialAction\":[{\"@type\":\"SearchAction\",\"target\":{\"@type\":\"EntryPoint\",\"urlTemplate\":\"https:\\\/\\\/evocon.hu\\\/?s={search_term_string}\"},\"query-input\":{\"@type\":\"PropertyValueSpecification\",\"valueRequired\":true,\"valueName\":\"search_term_string\"}}],\"inLanguage\":\"en-GB\"},{\"@type\":\"Organization\",\"@id\":\"https:\\\/\\\/evocon.hu\\\/#organization\",\"name\":\"evocon\",\"url\":\"https:\\\/\\\/evocon.hu\\\/\",\"logo\":{\"@type\":\"ImageObject\",\"inLanguage\":\"en-GB\",\"@id\":\"https:\\\/\\\/evocon.hu\\\/#\\\/schema\\\/logo\\\/image\\\/\",\"url\":\"https:\\\/\\\/evocon.hu\\\/wp-content\\\/uploads\\\/2023\\\/03\\\/evocon.png\",\"contentUrl\":\"https:\\\/\\\/evocon.hu\\\/wp-content\\\/uploads\\\/2023\\\/03\\\/evocon.png\",\"width\":4163,\"height\":709,\"caption\":\"evocon\"},\"image\":{\"@id\":\"https:\\\/\\\/evocon.hu\\\/#\\\/schema\\\/logo\\\/image\\\/\"}}]}<\/script>\n<!-- \/ Yoast SEO plugin. -->","yoast_head_json":{"title":"Gal\u00e9ria - evocon","robots":{"index":"index","follow":"follow","max-snippet":"max-snippet:-1","max-image-preview":"max-image-preview:large","max-video-preview":"max-video-preview:-1"},"canonical":"https:\/\/evocon.hu\/en\/galeria\/","og_locale":"en_GB","og_type":"article","og_title":"Gal\u00e9ria - evocon","og_url":"https:\/\/evocon.hu\/en\/galeria\/","og_site_name":"evocon","article_modified_time":"2023-10-19T10:13:39+00:00","og_image":[{"width":720,"height":1040,"url":"https:\/\/evocon.hu\/wp-content\/uploads\/2023\/10\/Dia1-1.jpg","type":"image\/jpeg"}],"twitter_card":"summary_large_image","twitter_misc":{"Estimated reading time":"1 minute"},"schema":{"@context":"https:\/\/schema.org","@graph":[{"@type":"WebPage","@id":"https:\/\/evocon.hu\/galeria\/","url":"https:\/\/evocon.hu\/galeria\/","name":"Gal\u00e9ria - evocon","isPartOf":{"@id":"https:\/\/evocon.hu\/#website"},"primaryImageOfPage":{"@id":"https:\/\/evocon.hu\/galeria\/#primaryimage"},"image":{"@id":"https:\/\/evocon.hu\/galeria\/#primaryimage"},"thumbnailUrl":"https:\/\/evocon.hu\/wp-content\/uploads\/2023\/10\/Dia1-1.jpg","datePublished":"2023-03-02T19:22:30+00:00","dateModified":"2023-10-19T10:13:39+00:00","breadcrumb":{"@id":"https:\/\/evocon.hu\/galeria\/#breadcrumb"},"inLanguage":"en-GB","potentialAction":[{"@type":"ReadAction","target":["https:\/\/evocon.hu\/galeria\/"]}]},{"@type":"ImageObject","inLanguage":"en-GB","@id":"https:\/\/evocon.hu\/galeria\/#primaryimage","url":"https:\/\/evocon.hu\/wp-content\/uploads\/2023\/10\/Dia1-1.jpg","contentUrl":"https:\/\/evocon.hu\/wp-content\/uploads\/2023\/10\/Dia1-1.jpg","width":720,"height":1040},{"@type":"BreadcrumbList","@id":"https:\/\/evocon.hu\/galeria\/#breadcrumb","itemListElement":[{"@type":"ListItem","position":1,"name":"Kezd\u0151lap","item":"https:\/\/evocon.hu\/"},{"@type":"ListItem","position":2,"name":"Gal\u00e9ria"}]},{"@type":"WebSite","@id":"https:\/\/evocon.hu\/#website","url":"https:\/\/evocon.hu\/","name":"evocon","description":"Evolution continuously","publisher":{"@id":"https:\/\/evocon.hu\/#organization"},"potentialAction":[{"@type":"SearchAction","target":{"@type":"EntryPoint","urlTemplate":"https:\/\/evocon.hu\/?s={search_term_string}"},"query-input":{"@type":"PropertyValueSpecification","valueRequired":true,"valueName":"search_term_string"}}],"inLanguage":"en-GB"},{"@type":"Organization","@id":"https:\/\/evocon.hu\/#organization","name":"evocon","url":"https:\/\/evocon.hu\/","logo":{"@type":"ImageObject","inLanguage":"en-GB","@id":"https:\/\/evocon.hu\/#\/schema\/logo\/image\/","url":"https:\/\/evocon.hu\/wp-content\/uploads\/2023\/03\/evocon.png","contentUrl":"https:\/\/evocon.hu\/wp-content\/uploads\/2023\/03\/evocon.png","width":4163,"height":709,"caption":"evocon"},"image":{"@id":"https:\/\/evocon.hu\/#\/schema\/logo\/image\/"}}]}},"_links":{"self":[{"href":"https:\/\/evocon.hu\/en\/wp-json\/wp\/v2\/pages\/71","targetHints":{"allow":["GET"]}}],"collection":[{"href":"https:\/\/evocon.hu\/en\/wp-json\/wp\/v2\/pages"}],"about":[{"href":"https:\/\/evocon.hu\/en\/wp-json\/wp\/v2\/types\/page"}],"author":[{"embeddable":true,"href":"https:\/\/evocon.hu\/en\/wp-json\/wp\/v2\/users\/1"}],"replies":[{"embeddable":true,"href":"https:\/\/evocon.hu\/en\/wp-json\/wp\/v2\/comments?post=71"}],"version-history":[{"count":8,"href":"https:\/\/evocon.hu\/en\/wp-json\/wp\/v2\/pages\/71\/revisions"}],"predecessor-version":[{"id":255,"href":"https:\/\/evocon.hu\/en\/wp-json\/wp\/v2\/pages\/71\/revisions\/255"}],"wp:featuredmedia":[{"embeddable":true,"href":"https:\/\/evocon.hu\/en\/wp-json\/wp\/v2\/media\/245"}],"wp:attachment":[{"href":"https:\/\/evocon.hu\/en\/wp-json\/wp\/v2\/media?parent=71"}],"curies":[{"name":"wp","href":"https:\/\/api.w.org\/{rel}","templated":true}]}}