{"id":80,"date":"2023-03-02T20:25:18","date_gmt":"2023-03-02T19:25:18","guid":{"rendered":"https:\/\/evocon.hu\/?page_id=80"},"modified":"2023-10-24T16:53:43","modified_gmt":"2023-10-24T14:53:43","slug":"kapcsolat","status":"publish","type":"page","link":"https:\/\/evocon.hu\/en\/kapcsolat\/","title":{"rendered":"Contact"},"content":{"rendered":"<p class=\"has-very-light-gray-to-cyan-bluish-gray-gradient-background has-background\"><strong>EVOCON Ltd.<\/strong><\/p>\n\n\n\n<p>Base of company<\/p>\n\n\n\n<p>H-6512 Szeremle, D\u00f3zsa Gy. St. 16.<\/p>\n\n\n\n<p>Depot<\/p>\n\n\n\n<p>H-6500 Baja, Neumann J\u00e1nos St. 1\/A.<\/p>\n\n\n\n<p><a href=\"https:\/\/evocon.hu\/en\/\">www.evocon.hu<\/a><\/p>\n\n\n\n<p class=\"has-very-light-gray-to-cyan-bluish-gray-gradient-background has-background\"><strong>Annam\u00e1ria H\u00e1rschn\u00e9 V\u00e9gh<\/strong><\/p>\n\n\n\n<p>General Manager<\/p>\n\n\n\n<p>+36 30&nbsp;495 5534<\/p>\n\n\n\n<p><a href=\"mailto:vegh.annamaria@evocon.hu\">vegh.annamaria@evocon.hu<\/a><\/p>\n\n\n\n<p class=\"has-very-light-gray-to-cyan-bluish-gray-gradient-background has-background\"><strong>Zolt\u00e1n Weltsch, PhD<\/strong><\/p>\n\n\n\n<p>Manager, Research<\/p>\n\n\n\n<p>+36 20&nbsp;238 8144<\/p>\n\n\n\n<p><a href=\"mailto:weltsch.zoltan@evocon.hu\">weltsch.zoltan@evocon.hu<\/a><\/p>\n\n\n\n<p class=\"has-very-light-gray-to-cyan-bluish-gray-gradient-background has-background\"><strong>Eszter K\u00f3kai, PhD<\/strong><\/p>\n\n\n\n<p>Research<\/p>\n\n\n\n<p>+36 30&nbsp;476 0046<\/p>\n\n\n\n<p><a href=\"mailto:kokai.eszter@evocon.hu\">kokai.eszter@evocon.hu<\/a><\/p>\n\n\n\n<p class=\"has-very-light-gray-to-cyan-bluish-gray-gradient-background has-background\"><strong>Mikl\u00f3s Berczeli, PhD<\/strong><\/p>\n\n\n\n<p>Research<\/p>\n\n\n\n<p>+36 20&nbsp;370 0692<\/p>\n\n\n\n<p><a href=\"mailto:berczeli.miklos@evocon.hu\">berczeli.miklos@evocon.hu<\/a><\/p>","protected":false},"excerpt":{"rendered":"<p>EVOCON Kft. Sz\u00e9khely: H-6512 Szeremle, D\u00f3zsa Gy. u. 16. Telephely: H-6500 Baja, Neumann J\u00e1nos u. 1\/A. www.evocon.hu H\u00e1rschn\u00e9 V\u00e9gh Annam\u00e1ria \u00dcgyvezet\u0151\/ General Manager +36 30&nbsp;495 5534 vegh.annamaria@evocon.hu Dr. Weltsch Zolt\u00e1n &#8230;<\/p>","protected":false},"author":1,"featured_media":0,"parent":0,"menu_order":0,"comment_status":"closed","ping_status":"closed","template":"","meta":{"_themeisle_gutenberg_block_has_review":false,"footnotes":""},"class_list":["post-80","page","type-page","status-publish","hentry"],"yoast_head":"<!-- This site is optimized with the Yoast SEO plugin v27.4 - https:\/\/yoast.com\/product\/yoast-seo-wordpress\/ -->\n<title>Kapcsolat - evocon<\/title>\n<meta name=\"robots\" content=\"index, follow, max-snippet:-1, max-image-preview:large, max-video-preview:-1\" \/>\n<link rel=\"canonical\" href=\"https:\/\/evocon.hu\/en\/kapcsolat\/\" \/>\n<meta property=\"og:locale\" content=\"en_GB\" \/>\n<meta property=\"og:type\" content=\"article\" \/>\n<meta property=\"og:title\" content=\"Kapcsolat - evocon\" \/>\n<meta property=\"og:description\" content=\"EVOCON Kft. Sz\u00e9khely: H-6512 Szeremle, D\u00f3zsa Gy. u. 16. Telephely: H-6500 Baja, Neumann J\u00e1nos u. 1\/A. www.evocon.hu H\u00e1rschn\u00e9 V\u00e9gh Annam\u00e1ria \u00dcgyvezet\u0151\/ General Manager +36 30&nbsp;495 5534 vegh.annamaria@evocon.hu Dr. Weltsch Zolt\u00e1n ...\" \/>\n<meta property=\"og:url\" content=\"https:\/\/evocon.hu\/en\/kapcsolat\/\" \/>\n<meta property=\"og:site_name\" content=\"evocon\" \/>\n<meta property=\"article:modified_time\" content=\"2023-10-24T14:53:43+00:00\" \/>\n<meta name=\"twitter:card\" content=\"summary_large_image\" \/>\n<meta name=\"twitter:label1\" content=\"Estimated reading time\" \/>\n\t<meta name=\"twitter:data1\" content=\"1 minute\" \/>\n<script type=\"application\/ld+json\" class=\"yoast-schema-graph\">{\"@context\":\"https:\\\/\\\/schema.org\",\"@graph\":[{\"@type\":\"WebPage\",\"@id\":\"https:\\\/\\\/evocon.hu\\\/kapcsolat\\\/\",\"url\":\"https:\\\/\\\/evocon.hu\\\/kapcsolat\\\/\",\"name\":\"Kapcsolat - evocon\",\"isPartOf\":{\"@id\":\"https:\\\/\\\/evocon.hu\\\/#website\"},\"datePublished\":\"2023-03-02T19:25:18+00:00\",\"dateModified\":\"2023-10-24T14:53:43+00:00\",\"breadcrumb\":{\"@id\":\"https:\\\/\\\/evocon.hu\\\/kapcsolat\\\/#breadcrumb\"},\"inLanguage\":\"en-GB\",\"potentialAction\":[{\"@type\":\"ReadAction\",\"target\":[\"https:\\\/\\\/evocon.hu\\\/kapcsolat\\\/\"]}]},{\"@type\":\"BreadcrumbList\",\"@id\":\"https:\\\/\\\/evocon.hu\\\/kapcsolat\\\/#breadcrumb\",\"itemListElement\":[{\"@type\":\"ListItem\",\"position\":1,\"name\":\"Kezd\u0151lap\",\"item\":\"https:\\\/\\\/evocon.hu\\\/\"},{\"@type\":\"ListItem\",\"position\":2,\"name\":\"Kapcsolat\"}]},{\"@type\":\"WebSite\",\"@id\":\"https:\\\/\\\/evocon.hu\\\/#website\",\"url\":\"https:\\\/\\\/evocon.hu\\\/\",\"name\":\"evocon\",\"description\":\"Kutat\u00e1s-fejleszt\u00e9si megold\u00e1sok a k\u00f6t\u00e9stechnol\u00f3gi\u00e1ban\",\"publisher\":{\"@id\":\"https:\\\/\\\/evocon.hu\\\/#organization\"},\"potentialAction\":[{\"@type\":\"SearchAction\",\"target\":{\"@type\":\"EntryPoint\",\"urlTemplate\":\"https:\\\/\\\/evocon.hu\\\/?s={search_term_string}\"},\"query-input\":{\"@type\":\"PropertyValueSpecification\",\"valueRequired\":true,\"valueName\":\"search_term_string\"}}],\"inLanguage\":\"en-GB\"},{\"@type\":\"Organization\",\"@id\":\"https:\\\/\\\/evocon.hu\\\/#organization\",\"name\":\"evocon\",\"url\":\"https:\\\/\\\/evocon.hu\\\/\",\"logo\":{\"@type\":\"ImageObject\",\"inLanguage\":\"en-GB\",\"@id\":\"https:\\\/\\\/evocon.hu\\\/#\\\/schema\\\/logo\\\/image\\\/\",\"url\":\"https:\\\/\\\/evocon.hu\\\/wp-content\\\/uploads\\\/2023\\\/03\\\/evocon.png\",\"contentUrl\":\"https:\\\/\\\/evocon.hu\\\/wp-content\\\/uploads\\\/2023\\\/03\\\/evocon.png\",\"width\":4163,\"height\":709,\"caption\":\"evocon\"},\"image\":{\"@id\":\"https:\\\/\\\/evocon.hu\\\/#\\\/schema\\\/logo\\\/image\\\/\"}}]}<\/script>\n<!-- \/ Yoast SEO plugin. -->","yoast_head_json":{"title":"Kapcsolat - evocon","robots":{"index":"index","follow":"follow","max-snippet":"max-snippet:-1","max-image-preview":"max-image-preview:large","max-video-preview":"max-video-preview:-1"},"canonical":"https:\/\/evocon.hu\/en\/kapcsolat\/","og_locale":"en_GB","og_type":"article","og_title":"Kapcsolat - evocon","og_description":"EVOCON Kft. Sz\u00e9khely: H-6512 Szeremle, D\u00f3zsa Gy. u. 16. Telephely: H-6500 Baja, Neumann J\u00e1nos u. 1\/A. www.evocon.hu H\u00e1rschn\u00e9 V\u00e9gh Annam\u00e1ria \u00dcgyvezet\u0151\/ General Manager +36 30&nbsp;495 5534 vegh.annamaria@evocon.hu Dr. Weltsch Zolt\u00e1n ...","og_url":"https:\/\/evocon.hu\/en\/kapcsolat\/","og_site_name":"evocon","article_modified_time":"2023-10-24T14:53:43+00:00","twitter_card":"summary_large_image","twitter_misc":{"Estimated reading time":"1 minute"},"schema":{"@context":"https:\/\/schema.org","@graph":[{"@type":"WebPage","@id":"https:\/\/evocon.hu\/kapcsolat\/","url":"https:\/\/evocon.hu\/kapcsolat\/","name":"Kapcsolat - evocon","isPartOf":{"@id":"https:\/\/evocon.hu\/#website"},"datePublished":"2023-03-02T19:25:18+00:00","dateModified":"2023-10-24T14:53:43+00:00","breadcrumb":{"@id":"https:\/\/evocon.hu\/kapcsolat\/#breadcrumb"},"inLanguage":"en-GB","potentialAction":[{"@type":"ReadAction","target":["https:\/\/evocon.hu\/kapcsolat\/"]}]},{"@type":"BreadcrumbList","@id":"https:\/\/evocon.hu\/kapcsolat\/#breadcrumb","itemListElement":[{"@type":"ListItem","position":1,"name":"Kezd\u0151lap","item":"https:\/\/evocon.hu\/"},{"@type":"ListItem","position":2,"name":"Kapcsolat"}]},{"@type":"WebSite","@id":"https:\/\/evocon.hu\/#website","url":"https:\/\/evocon.hu\/","name":"evocon","description":"Evolution continuously","publisher":{"@id":"https:\/\/evocon.hu\/#organization"},"potentialAction":[{"@type":"SearchAction","target":{"@type":"EntryPoint","urlTemplate":"https:\/\/evocon.hu\/?s={search_term_string}"},"query-input":{"@type":"PropertyValueSpecification","valueRequired":true,"valueName":"search_term_string"}}],"inLanguage":"en-GB"},{"@type":"Organization","@id":"https:\/\/evocon.hu\/#organization","name":"evocon","url":"https:\/\/evocon.hu\/","logo":{"@type":"ImageObject","inLanguage":"en-GB","@id":"https:\/\/evocon.hu\/#\/schema\/logo\/image\/","url":"https:\/\/evocon.hu\/wp-content\/uploads\/2023\/03\/evocon.png","contentUrl":"https:\/\/evocon.hu\/wp-content\/uploads\/2023\/03\/evocon.png","width":4163,"height":709,"caption":"evocon"},"image":{"@id":"https:\/\/evocon.hu\/#\/schema\/logo\/image\/"}}]}},"_links":{"self":[{"href":"https:\/\/evocon.hu\/en\/wp-json\/wp\/v2\/pages\/80","targetHints":{"allow":["GET"]}}],"collection":[{"href":"https:\/\/evocon.hu\/en\/wp-json\/wp\/v2\/pages"}],"about":[{"href":"https:\/\/evocon.hu\/en\/wp-json\/wp\/v2\/types\/page"}],"author":[{"embeddable":true,"href":"https:\/\/evocon.hu\/en\/wp-json\/wp\/v2\/users\/1"}],"replies":[{"embeddable":true,"href":"https:\/\/evocon.hu\/en\/wp-json\/wp\/v2\/comments?post=80"}],"version-history":[{"count":5,"href":"https:\/\/evocon.hu\/en\/wp-json\/wp\/v2\/pages\/80\/revisions"}],"predecessor-version":[{"id":274,"href":"https:\/\/evocon.hu\/en\/wp-json\/wp\/v2\/pages\/80\/revisions\/274"}],"wp:attachment":[{"href":"https:\/\/evocon.hu\/en\/wp-json\/wp\/v2\/media?parent=80"}],"curies":[{"name":"wp","href":"https:\/\/api.w.org\/{rel}","templated":true}]}}